{"id":203,"date":"2025-03-12T14:34:38","date_gmt":"2025-03-12T11:34:38","guid":{"rendered":"https:\/\/harpoonjpg.com\/?page_id=203"},"modified":"2025-03-13T15:22:11","modified_gmt":"2025-03-13T12:22:11","slug":"drone-cekimi","status":"publish","type":"page","link":"https:\/\/harpoonjpg.com\/index.php\/drone-cekimi\/","title":{"rendered":"Drone \u00c7ekimi"},"content":{"rendered":"\t\t<div data-elementor-type=\"wp-page\" data-elementor-id=\"203\" class=\"elementor elementor-203\" data-elementor-post-type=\"page\">\n\t\t\t\t<div class=\"elementor-element elementor-element-371ad205 e-flex e-con-boxed e-con e-parent\" data-id=\"371ad205\" data-element_type=\"container\" data-settings=\"{&quot;background_background&quot;:&quot;classic&quot;}\">\n\t\t\t\t\t<div class=\"e-con-inner\">\n\t\t\t\t<div class=\"elementor-element elementor-element-24f3573 elementor-widget elementor-widget-heading\" data-id=\"24f3573\" data-element_type=\"widget\" data-widget_type=\"heading.default\">\n\t\t\t\t<div class=\"elementor-widget-container\">\n\t\t\t\t\t<h2 class=\"elementor-heading-title elementor-size-default\">Drone \u00c7ekimi<\/h2>\t\t\t\t<\/div>\n\t\t\t\t<\/div>\n\t\t\t\t<div class=\"elementor-element elementor-element-63e1945 elementor-icon-list--layout-inline elementor-align-center elementor-list-item-link-full_width elementor-widget elementor-widget-icon-list\" data-id=\"63e1945\" data-element_type=\"widget\" data-widget_type=\"icon-list.default\">\n\t\t\t\t<div class=\"elementor-widget-container\">\n\t\t\t\t\t\t\t<ul class=\"elementor-icon-list-items elementor-inline-items\">\n\t\t\t\t\t\t\t<li class=\"elementor-icon-list-item elementor-inline-item\">\n\t\t\t\t\t\t\t\t\t\t\t<a href=\"https:\/\/harpoonjpg.com\/\">\n\n\t\t\t\t\t\t\t\t\t\t\t<span class=\"elementor-icon-list-text\">Ana Sayfa<\/span>\n\t\t\t\t\t\t\t\t\t\t\t<\/a>\n\t\t\t\t\t\t\t\t\t<\/li>\n\t\t\t\t\t\t\t\t<li class=\"elementor-icon-list-item elementor-inline-item\">\n\t\t\t\t\t\t\t\t\t\t\t<a href=\"https:\/\/harpoonjpg.com\/index.php\/hizmetlerimiz\/\">\n\n\t\t\t\t\t\t\t\t\t\t\t\t<span class=\"elementor-icon-list-icon\">\n\t\t\t\t\t\t\t<svg aria-hidden=\"true\" class=\"e-font-icon-svg e-fas-circle\" viewBox=\"0 0 512 512\" xmlns=\"http:\/\/www.w3.org\/2000\/svg\"><path d=\"M256 8C119 8 8 119 8 256s111 248 248 248 248-111 248-248S393 8 256 8z\"><\/path><\/svg>\t\t\t\t\t\t<\/span>\n\t\t\t\t\t\t\t\t\t\t<span class=\"elementor-icon-list-text\">Hizmetlerimiz<\/span>\n\t\t\t\t\t\t\t\t\t\t\t<\/a>\n\t\t\t\t\t\t\t\t\t<\/li>\n\t\t\t\t\t\t\t\t<li class=\"elementor-icon-list-item elementor-inline-item\">\n\t\t\t\t\t\t\t\t\t\t\t<a href=\"https:\/\/harpoonjpg.com\/index.php\/drone-cekimi\/\">\n\n\t\t\t\t\t\t\t\t\t\t\t\t<span class=\"elementor-icon-list-icon\">\n\t\t\t\t\t\t\t<svg aria-hidden=\"true\" class=\"e-font-icon-svg e-fas-circle\" viewBox=\"0 0 512 512\" xmlns=\"http:\/\/www.w3.org\/2000\/svg\"><path d=\"M256 8C119 8 8 119 8 256s111 248 248 248 248-111 248-248S393 8 256 8z\"><\/path><\/svg>\t\t\t\t\t\t<\/span>\n\t\t\t\t\t\t\t\t\t\t<span class=\"elementor-icon-list-text\">Drone \u00c7ekimi<\/span>\n\t\t\t\t\t\t\t\t\t\t\t<\/a>\n\t\t\t\t\t\t\t\t\t<\/li>\n\t\t\t\t\t\t<\/ul>\n\t\t\t\t\t\t<\/div>\n\t\t\t\t<\/div>\n\t\t\t\t\t<\/div>\n\t\t\t\t<\/div>\n\t\t<div class=\"elementor-element elementor-element-1de6b834 e-flex e-con-boxed e-con e-parent\" data-id=\"1de6b834\" data-element_type=\"container\">\n\t\t\t\t\t<div class=\"e-con-inner\">\n\t\t<div class=\"elementor-element elementor-element-5a96607b e-con-full e-flex e-con e-child\" data-id=\"5a96607b\" data-element_type=\"container\">\n\t\t<div class=\"elementor-element elementor-element-4c4c1dd9 e-con-full e-flex e-con e-child\" data-id=\"4c4c1dd9\" data-element_type=\"container\">\n\t\t\t\t<div class=\"elementor-element elementor-element-2e0cf757 elementor-widget elementor-widget-heading\" data-id=\"2e0cf757\" data-element_type=\"widget\" data-widget_type=\"heading.default\">\n\t\t\t\t<div class=\"elementor-widget-container\">\n\t\t\t\t\t<h2 class=\"elementor-heading-title elementor-size-default\">drone \u00e7ekimi<\/h2>\t\t\t\t<\/div>\n\t\t\t\t<\/div>\n\t\t\t\t<div class=\"elementor-element elementor-element-3e9aef09 elementor-widget elementor-widget-text-editor\" data-id=\"3e9aef09\" data-element_type=\"widget\" data-widget_type=\"text-editor.default\">\n\t\t\t\t<div class=\"elementor-widget-container\">\n\t\t\t\t\t\t\t\t\t<p>HarpoonJPG olarak, havadan g\u00f6r\u00fcnt\u00fclemenin g\u00fcc\u00fcn\u00fc ke\u015ffetmek ve unutulmaz anlar\u0131 en \u00e7arp\u0131c\u0131 \u015fekilde yakalamak i\u00e7in drone teknolojisini kullan\u0131yoruz. Geli\u015fmi\u015f drone ekipmanlar\u0131m\u0131z ve profesyonel pilotlar\u0131m\u0131z sayesinde, y\u00fcksek \u00e7\u00f6z\u00fcn\u00fcrl\u00fckl\u00fc hava \u00e7ekimleri ile projelerinize benzersiz bir perspektif kazand\u0131r\u0131yoruz.<\/p>\t\t\t\t\t\t\t\t<\/div>\n\t\t\t\t<\/div>\n\t\t\t\t<\/div>\n\t\t<div class=\"elementor-element elementor-element-7bad1f13 e-flex e-con-boxed e-con e-child\" data-id=\"7bad1f13\" data-element_type=\"container\">\n\t\t\t\t\t<div class=\"e-con-inner\">\n\t\t\t\t<div class=\"elementor-element elementor-element-50e493e9 elementor-arrows-position-inside elementor-widget elementor-widget-image-carousel\" data-id=\"50e493e9\" data-element_type=\"widget\" data-settings=\"{&quot;slides_to_show&quot;:&quot;1&quot;,&quot;navigation&quot;:&quot;arrows&quot;,&quot;autoplay&quot;:&quot;yes&quot;,&quot;pause_on_hover&quot;:&quot;yes&quot;,&quot;pause_on_interaction&quot;:&quot;yes&quot;,&quot;autoplay_speed&quot;:5000,&quot;infinite&quot;:&quot;yes&quot;,&quot;effect&quot;:&quot;slide&quot;,&quot;speed&quot;:500}\" data-widget_type=\"image-carousel.default\">\n\t\t\t\t<div class=\"elementor-widget-container\">\n\t\t\t\t\t\t\t<div class=\"elementor-image-carousel-wrapper swiper\" role=\"region\" aria-roledescription=\"carousel\" aria-label=\"Resim D\u00f6ng\u00fcs\u00fc\" dir=\"ltr\">\n\t\t\t<div class=\"elementor-image-carousel swiper-wrapper\" aria-live=\"off\">\n\t\t\t\t\t\t\t\t<div class=\"swiper-slide\" role=\"group\" aria-roledescription=\"slide\" aria-label=\"1 \/ 3\"><figure class=\"swiper-slide-inner\"><img decoding=\"async\" class=\"swiper-slide-image\" src=\"https:\/\/harpoonjpg.com\/wp-content\/uploads\/2025\/03\/DJI_0172-scaled.jpg\" alt=\"default\" \/><\/figure><\/div><div class=\"swiper-slide\" role=\"group\" aria-roledescription=\"slide\" aria-label=\"2 \/ 3\"><figure class=\"swiper-slide-inner\"><img decoding=\"async\" class=\"swiper-slide-image\" src=\"https:\/\/harpoonjpg.com\/wp-content\/uploads\/2025\/03\/DJI_0137-scaled.jpg\" alt=\"default\" \/><\/figure><\/div><div class=\"swiper-slide\" role=\"group\" aria-roledescription=\"slide\" aria-label=\"3 \/ 3\"><figure class=\"swiper-slide-inner\"><img decoding=\"async\" class=\"swiper-slide-image\" src=\"https:\/\/harpoonjpg.com\/wp-content\/uploads\/2025\/03\/DJI_0177-scaled.jpg\" alt=\"default\" \/><\/figure><\/div>\t\t\t<\/div>\n\t\t\t\t\t\t\t\t\t\t\t\t<div class=\"elementor-swiper-button elementor-swiper-button-prev\" role=\"button\" tabindex=\"0\">\n\t\t\t\t\t\t<svg aria-hidden=\"true\" class=\"e-font-icon-svg e-eicon-chevron-left\" viewBox=\"0 0 1000 1000\" xmlns=\"http:\/\/www.w3.org\/2000\/svg\"><path d=\"M646 125C629 125 613 133 604 142L308 442C296 454 292 471 292 487 292 504 296 521 308 533L604 854C617 867 629 875 646 875 663 875 679 871 692 858 704 846 713 829 713 812 713 796 708 779 692 767L438 487 692 225C700 217 708 204 708 187 708 171 704 154 692 142 675 129 663 125 646 125Z\"><\/path><\/svg>\t\t\t\t\t<\/div>\n\t\t\t\t\t<div class=\"elementor-swiper-button elementor-swiper-button-next\" role=\"button\" tabindex=\"0\">\n\t\t\t\t\t\t<svg aria-hidden=\"true\" class=\"e-font-icon-svg e-eicon-chevron-right\" viewBox=\"0 0 1000 1000\" xmlns=\"http:\/\/www.w3.org\/2000\/svg\"><path d=\"M696 533C708 521 713 504 713 487 713 471 708 454 696 446L400 146C388 133 375 125 354 125 338 125 325 129 313 142 300 154 292 171 292 187 292 204 296 221 308 233L563 492 304 771C292 783 288 800 288 817 288 833 296 850 308 863 321 871 338 875 354 875 371 875 388 867 400 854L696 533Z\"><\/path><\/svg>\t\t\t\t\t<\/div>\n\t\t\t\t\n\t\t\t\t\t\t\t\t\t<\/div>\n\t\t\t\t\t\t<\/div>\n\t\t\t\t<\/div>\n\t\t\t\t\t<\/div>\n\t\t\t\t<\/div>\n\t\t\t\t<\/div>\n\t\t\t\t\t<\/div>\n\t\t\t\t<\/div>\n\t\t<div class=\"elementor-element elementor-element-76f9b5b e-flex e-con-boxed e-con e-parent\" data-id=\"76f9b5b\" data-element_type=\"container\">\n\t\t\t\t\t<div class=\"e-con-inner\">\n\t\t\t\t<div class=\"elementor-element elementor-element-c06d662 gallery-spacing-custom elementor-widget elementor-widget-image-gallery\" data-id=\"c06d662\" data-element_type=\"widget\" data-widget_type=\"image-gallery.default\">\n\t\t\t\t<div class=\"elementor-widget-container\">\n\t\t\t\t\t\t\t<div class=\"elementor-image-gallery\">\n\t\t\t<div id='gallery-1' class='gallery galleryid-203 gallery-columns-3 gallery-size-large'><figure class='gallery-item'>\n\t\t\t<div class='gallery-icon landscape'>\n\t\t\t\t<a data-elementor-open-lightbox=\"no\" href='https:\/\/harpoonjpg.com\/wp-content\/uploads\/2025\/03\/DJI_0006-scaled.jpg'><img fetchpriority=\"high\" decoding=\"async\" width=\"800\" height=\"450\" src=\"https:\/\/harpoonjpg.com\/wp-content\/uploads\/2025\/03\/DJI_0006-1024x576.jpg\" class=\"attachment-large size-large\" alt=\"\" aria-describedby=\"gallery-1-455\" srcset=\"https:\/\/harpoonjpg.com\/wp-content\/uploads\/2025\/03\/DJI_0006-1024x576.jpg 1024w, https:\/\/harpoonjpg.com\/wp-content\/uploads\/2025\/03\/DJI_0006-300x169.jpg 300w, https:\/\/harpoonjpg.com\/wp-content\/uploads\/2025\/03\/DJI_0006-768x432.jpg 768w, https:\/\/harpoonjpg.com\/wp-content\/uploads\/2025\/03\/DJI_0006-1536x864.jpg 1536w, https:\/\/harpoonjpg.com\/wp-content\/uploads\/2025\/03\/DJI_0006-2048x1152.jpg 2048w\" sizes=\"(max-width: 800px) 100vw, 800px\" \/><\/a>\n\t\t\t<\/div>\n\t\t\t\t<figcaption class='wp-caption-text gallery-caption' id='gallery-1-455'>\n\t\t\t\tdefault\n\t\t\t\t<\/figcaption><\/figure><figure class='gallery-item'>\n\t\t\t<div class='gallery-icon landscape'>\n\t\t\t\t<a data-elementor-open-lightbox=\"no\" href='https:\/\/harpoonjpg.com\/wp-content\/uploads\/2025\/03\/DJI_0921-2-scaled.jpg'><img decoding=\"async\" width=\"800\" height=\"449\" src=\"https:\/\/harpoonjpg.com\/wp-content\/uploads\/2025\/03\/DJI_0921-2-1024x575.jpg\" class=\"attachment-large size-large\" alt=\"\" srcset=\"https:\/\/harpoonjpg.com\/wp-content\/uploads\/2025\/03\/DJI_0921-2-1024x575.jpg 1024w, https:\/\/harpoonjpg.com\/wp-content\/uploads\/2025\/03\/DJI_0921-2-300x169.jpg 300w, https:\/\/harpoonjpg.com\/wp-content\/uploads\/2025\/03\/DJI_0921-2-768x432.jpg 768w, https:\/\/harpoonjpg.com\/wp-content\/uploads\/2025\/03\/DJI_0921-2-1536x863.jpg 1536w, https:\/\/harpoonjpg.com\/wp-content\/uploads\/2025\/03\/DJI_0921-2-2048x1151.jpg 2048w\" sizes=\"(max-width: 800px) 100vw, 800px\" \/><\/a>\n\t\t\t<\/div><\/figure><figure class='gallery-item'>\n\t\t\t<div class='gallery-icon landscape'>\n\t\t\t\t<a data-elementor-open-lightbox=\"no\" href='https:\/\/harpoonjpg.com\/wp-content\/uploads\/2025\/03\/DJI_0184-2-scaled.jpg'><img decoding=\"async\" width=\"800\" height=\"450\" src=\"https:\/\/harpoonjpg.com\/wp-content\/uploads\/2025\/03\/DJI_0184-2-1024x576.jpg\" class=\"attachment-large size-large\" alt=\"\" aria-describedby=\"gallery-1-458\" srcset=\"https:\/\/harpoonjpg.com\/wp-content\/uploads\/2025\/03\/DJI_0184-2-1024x576.jpg 1024w, https:\/\/harpoonjpg.com\/wp-content\/uploads\/2025\/03\/DJI_0184-2-300x169.jpg 300w, https:\/\/harpoonjpg.com\/wp-content\/uploads\/2025\/03\/DJI_0184-2-768x432.jpg 768w, https:\/\/harpoonjpg.com\/wp-content\/uploads\/2025\/03\/DJI_0184-2-1536x864.jpg 1536w, https:\/\/harpoonjpg.com\/wp-content\/uploads\/2025\/03\/DJI_0184-2-2048x1152.jpg 2048w\" sizes=\"(max-width: 800px) 100vw, 800px\" \/><\/a>\n\t\t\t<\/div>\n\t\t\t\t<figcaption class='wp-caption-text gallery-caption' id='gallery-1-458'>\n\t\t\t\tdefault\n\t\t\t\t<\/figcaption><\/figure><figure class='gallery-item'>\n\t\t\t<div class='gallery-icon landscape'>\n\t\t\t\t<a data-elementor-open-lightbox=\"no\" href='https:\/\/harpoonjpg.com\/wp-content\/uploads\/2025\/03\/DJI_0177-1-scaled.jpg'><img loading=\"lazy\" decoding=\"async\" width=\"800\" height=\"450\" src=\"https:\/\/harpoonjpg.com\/wp-content\/uploads\/2025\/03\/DJI_0177-1-1024x576.jpg\" class=\"attachment-large size-large\" alt=\"\" aria-describedby=\"gallery-1-459\" srcset=\"https:\/\/harpoonjpg.com\/wp-content\/uploads\/2025\/03\/DJI_0177-1-1024x576.jpg 1024w, https:\/\/harpoonjpg.com\/wp-content\/uploads\/2025\/03\/DJI_0177-1-300x169.jpg 300w, https:\/\/harpoonjpg.com\/wp-content\/uploads\/2025\/03\/DJI_0177-1-768x432.jpg 768w, https:\/\/harpoonjpg.com\/wp-content\/uploads\/2025\/03\/DJI_0177-1-1536x864.jpg 1536w, https:\/\/harpoonjpg.com\/wp-content\/uploads\/2025\/03\/DJI_0177-1-2048x1152.jpg 2048w\" sizes=\"(max-width: 800px) 100vw, 800px\" \/><\/a>\n\t\t\t<\/div>\n\t\t\t\t<figcaption class='wp-caption-text gallery-caption' id='gallery-1-459'>\n\t\t\t\tdefault\n\t\t\t\t<\/figcaption><\/figure><figure class='gallery-item'>\n\t\t\t<div class='gallery-icon landscape'>\n\t\t\t\t<a data-elementor-open-lightbox=\"no\" href='https:\/\/harpoonjpg.com\/wp-content\/uploads\/2025\/03\/DJI_0157-1-scaled.jpg'><img loading=\"lazy\" decoding=\"async\" width=\"800\" height=\"449\" src=\"https:\/\/harpoonjpg.com\/wp-content\/uploads\/2025\/03\/DJI_0157-1-1024x575.jpg\" class=\"attachment-large size-large\" alt=\"\" srcset=\"https:\/\/harpoonjpg.com\/wp-content\/uploads\/2025\/03\/DJI_0157-1-1024x575.jpg 1024w, https:\/\/harpoonjpg.com\/wp-content\/uploads\/2025\/03\/DJI_0157-1-300x169.jpg 300w, https:\/\/harpoonjpg.com\/wp-content\/uploads\/2025\/03\/DJI_0157-1-768x432.jpg 768w, https:\/\/harpoonjpg.com\/wp-content\/uploads\/2025\/03\/DJI_0157-1-1536x863.jpg 1536w, https:\/\/harpoonjpg.com\/wp-content\/uploads\/2025\/03\/DJI_0157-1-2048x1151.jpg 2048w\" sizes=\"(max-width: 800px) 100vw, 800px\" \/><\/a>\n\t\t\t<\/div><\/figure><figure class='gallery-item'>\n\t\t\t<div class='gallery-icon landscape'>\n\t\t\t\t<a data-elementor-open-lightbox=\"no\" href='https:\/\/harpoonjpg.com\/wp-content\/uploads\/2025\/03\/DJI_0939.jpg'><img loading=\"lazy\" decoding=\"async\" width=\"800\" height=\"450\" src=\"https:\/\/harpoonjpg.com\/wp-content\/uploads\/2025\/03\/DJI_0939-1024x576.jpg\" class=\"attachment-large size-large\" alt=\"\" aria-describedby=\"gallery-1-464\" srcset=\"https:\/\/harpoonjpg.com\/wp-content\/uploads\/2025\/03\/DJI_0939-1024x576.jpg 1024w, https:\/\/harpoonjpg.com\/wp-content\/uploads\/2025\/03\/DJI_0939-300x169.jpg 300w, https:\/\/harpoonjpg.com\/wp-content\/uploads\/2025\/03\/DJI_0939-768x432.jpg 768w, https:\/\/harpoonjpg.com\/wp-content\/uploads\/2025\/03\/DJI_0939-1536x864.jpg 1536w, https:\/\/harpoonjpg.com\/wp-content\/uploads\/2025\/03\/DJI_0939.jpg 2048w\" sizes=\"(max-width: 800px) 100vw, 800px\" \/><\/a>\n\t\t\t<\/div>\n\t\t\t\t<figcaption class='wp-caption-text gallery-caption' id='gallery-1-464'>\n\t\t\t\tdefault\n\t\t\t\t<\/figcaption><\/figure><figure class='gallery-item'>\n\t\t\t<div class='gallery-icon landscape'>\n\t\t\t\t<a data-elementor-open-lightbox=\"no\" href='https:\/\/harpoonjpg.com\/wp-content\/uploads\/2025\/03\/DJI_0409-2-1-scaled.jpg'><img loading=\"lazy\" decoding=\"async\" width=\"800\" height=\"450\" src=\"https:\/\/harpoonjpg.com\/wp-content\/uploads\/2025\/03\/DJI_0409-2-1-1024x576.jpg\" class=\"attachment-large size-large\" alt=\"\" aria-describedby=\"gallery-1-465\" srcset=\"https:\/\/harpoonjpg.com\/wp-content\/uploads\/2025\/03\/DJI_0409-2-1-1024x576.jpg 1024w, https:\/\/harpoonjpg.com\/wp-content\/uploads\/2025\/03\/DJI_0409-2-1-300x169.jpg 300w, https:\/\/harpoonjpg.com\/wp-content\/uploads\/2025\/03\/DJI_0409-2-1-768x432.jpg 768w, https:\/\/harpoonjpg.com\/wp-content\/uploads\/2025\/03\/DJI_0409-2-1-1536x864.jpg 1536w, https:\/\/harpoonjpg.com\/wp-content\/uploads\/2025\/03\/DJI_0409-2-1-2048x1152.jpg 2048w\" sizes=\"(max-width: 800px) 100vw, 800px\" \/><\/a>\n\t\t\t<\/div>\n\t\t\t\t<figcaption class='wp-caption-text gallery-caption' id='gallery-1-465'>\n\t\t\t\tdefault\n\t\t\t\t<\/figcaption><\/figure><figure class='gallery-item'>\n\t\t\t<div class='gallery-icon landscape'>\n\t\t\t\t<a data-elementor-open-lightbox=\"no\" href='https:\/\/harpoonjpg.com\/wp-content\/uploads\/2025\/03\/DJI_0012-scaled.jpg'><img loading=\"lazy\" decoding=\"async\" width=\"800\" height=\"450\" src=\"https:\/\/harpoonjpg.com\/wp-content\/uploads\/2025\/03\/DJI_0012-1024x576.jpg\" class=\"attachment-large size-large\" alt=\"\" srcset=\"https:\/\/harpoonjpg.com\/wp-content\/uploads\/2025\/03\/DJI_0012-1024x576.jpg 1024w, https:\/\/harpoonjpg.com\/wp-content\/uploads\/2025\/03\/DJI_0012-300x169.jpg 300w, https:\/\/harpoonjpg.com\/wp-content\/uploads\/2025\/03\/DJI_0012-768x432.jpg 768w, https:\/\/harpoonjpg.com\/wp-content\/uploads\/2025\/03\/DJI_0012-1536x864.jpg 1536w, https:\/\/harpoonjpg.com\/wp-content\/uploads\/2025\/03\/DJI_0012-2048x1152.jpg 2048w\" sizes=\"(max-width: 800px) 100vw, 800px\" \/><\/a>\n\t\t\t<\/div><\/figure><figure class='gallery-item'>\n\t\t\t<div class='gallery-icon landscape'>\n\t\t\t\t<a data-elementor-open-lightbox=\"no\" href='https:\/\/harpoonjpg.com\/wp-content\/uploads\/2025\/03\/DJI_0137-scaled.jpg'><img loading=\"lazy\" decoding=\"async\" width=\"800\" height=\"450\" src=\"https:\/\/harpoonjpg.com\/wp-content\/uploads\/2025\/03\/DJI_0137-1024x576.jpg\" class=\"attachment-large size-large\" alt=\"\" srcset=\"https:\/\/harpoonjpg.com\/wp-content\/uploads\/2025\/03\/DJI_0137-1024x576.jpg 1024w, https:\/\/harpoonjpg.com\/wp-content\/uploads\/2025\/03\/DJI_0137-300x169.jpg 300w, https:\/\/harpoonjpg.com\/wp-content\/uploads\/2025\/03\/DJI_0137-768x432.jpg 768w, https:\/\/harpoonjpg.com\/wp-content\/uploads\/2025\/03\/DJI_0137-1536x864.jpg 1536w, https:\/\/harpoonjpg.com\/wp-content\/uploads\/2025\/03\/DJI_0137-2048x1152.jpg 2048w\" sizes=\"(max-width: 800px) 100vw, 800px\" \/><\/a>\n\t\t\t<\/div><\/figure><figure class='gallery-item'>\n\t\t\t<div class='gallery-icon landscape'>\n\t\t\t\t<a data-elementor-open-lightbox=\"no\" href='https:\/\/harpoonjpg.com\/wp-content\/uploads\/2025\/03\/DJI_0172-scaled.jpg'><img loading=\"lazy\" decoding=\"async\" width=\"800\" height=\"450\" src=\"https:\/\/harpoonjpg.com\/wp-content\/uploads\/2025\/03\/DJI_0172-1024x576.jpg\" class=\"attachment-large size-large\" alt=\"\" srcset=\"https:\/\/harpoonjpg.com\/wp-content\/uploads\/2025\/03\/DJI_0172-1024x576.jpg 1024w, https:\/\/harpoonjpg.com\/wp-content\/uploads\/2025\/03\/DJI_0172-300x169.jpg 300w, https:\/\/harpoonjpg.com\/wp-content\/uploads\/2025\/03\/DJI_0172-768x432.jpg 768w, https:\/\/harpoonjpg.com\/wp-content\/uploads\/2025\/03\/DJI_0172-1536x864.jpg 1536w, https:\/\/harpoonjpg.com\/wp-content\/uploads\/2025\/03\/DJI_0172-2048x1152.jpg 2048w\" sizes=\"(max-width: 800px) 100vw, 800px\" \/><\/a>\n\t\t\t<\/div><\/figure><figure class='gallery-item'>\n\t\t\t<div class='gallery-icon landscape'>\n\t\t\t\t<a data-elementor-open-lightbox=\"no\" href='https:\/\/harpoonjpg.com\/wp-content\/uploads\/2025\/03\/DJI_0054-scaled.jpg'><img loading=\"lazy\" decoding=\"async\" width=\"800\" height=\"450\" src=\"https:\/\/harpoonjpg.com\/wp-content\/uploads\/2025\/03\/DJI_0054-1024x576.jpg\" class=\"attachment-large size-large\" alt=\"\" aria-describedby=\"gallery-1-290\" srcset=\"https:\/\/harpoonjpg.com\/wp-content\/uploads\/2025\/03\/DJI_0054-1024x576.jpg 1024w, https:\/\/harpoonjpg.com\/wp-content\/uploads\/2025\/03\/DJI_0054-300x169.jpg 300w, https:\/\/harpoonjpg.com\/wp-content\/uploads\/2025\/03\/DJI_0054-768x432.jpg 768w, https:\/\/harpoonjpg.com\/wp-content\/uploads\/2025\/03\/DJI_0054-1536x864.jpg 1536w, https:\/\/harpoonjpg.com\/wp-content\/uploads\/2025\/03\/DJI_0054-2048x1152.jpg 2048w\" sizes=\"(max-width: 800px) 100vw, 800px\" \/><\/a>\n\t\t\t<\/div>\n\t\t\t\t<figcaption class='wp-caption-text gallery-caption' id='gallery-1-290'>\n\t\t\t\tdefault\n\t\t\t\t<\/figcaption><\/figure><figure class='gallery-item'>\n\t\t\t<div class='gallery-icon landscape'>\n\t\t\t\t<a data-elementor-open-lightbox=\"no\" href='https:\/\/harpoonjpg.com\/wp-content\/uploads\/2025\/03\/DJI_0051-scaled.jpg'><img loading=\"lazy\" decoding=\"async\" width=\"800\" height=\"381\" src=\"https:\/\/harpoonjpg.com\/wp-content\/uploads\/2025\/03\/DJI_0051-1024x488.jpg\" class=\"attachment-large size-large\" alt=\"\" srcset=\"https:\/\/harpoonjpg.com\/wp-content\/uploads\/2025\/03\/DJI_0051-1024x488.jpg 1024w, https:\/\/harpoonjpg.com\/wp-content\/uploads\/2025\/03\/DJI_0051-300x143.jpg 300w, https:\/\/harpoonjpg.com\/wp-content\/uploads\/2025\/03\/DJI_0051-768x366.jpg 768w, https:\/\/harpoonjpg.com\/wp-content\/uploads\/2025\/03\/DJI_0051-1536x731.jpg 1536w, https:\/\/harpoonjpg.com\/wp-content\/uploads\/2025\/03\/DJI_0051-2048x975.jpg 2048w\" sizes=\"(max-width: 800px) 100vw, 800px\" \/><\/a>\n\t\t\t<\/div><\/figure>\n\t\t<\/div>\n\t\t<\/div>\n\t\t\t\t\t\t<\/div>\n\t\t\t\t<\/div>\n\t\t\t\t\t<\/div>\n\t\t\t\t<\/div>\n\t\t\t\t<\/div>\n\t\t","protected":false},"excerpt":{"rendered":"<p>Drone \u00c7ekimi Ana Sayfa Hizmetlerimiz Drone \u00c7ekimi drone \u00e7ekimi HarpoonJPG olarak, havadan g\u00f6r\u00fcnt\u00fclemenin g\u00fcc\u00fcn\u00fc ke\u015ffetmek ve unutulmaz anlar\u0131 en \u00e7arp\u0131c\u0131 \u015fekilde yakalamak i\u00e7in drone teknolojisini kullan\u0131yoruz. Geli\u015fmi\u015f drone ekipmanlar\u0131m\u0131z ve profesyonel pilotlar\u0131m\u0131z sayesinde, y\u00fcksek \u00e7\u00f6z\u00fcn\u00fcrl\u00fckl\u00fc hava \u00e7ekimleri ile projelerinize benzersiz bir perspektif kazand\u0131r\u0131yoruz. default default default default default default<\/p>\n","protected":false},"author":1,"featured_media":0,"parent":0,"menu_order":0,"comment_status":"closed","ping_status":"closed","template":"elementor_header_footer","meta":{"footnotes":""},"class_list":["post-203","page","type-page","status-publish","hentry"],"_links":{"self":[{"href":"https:\/\/harpoonjpg.com\/index.php\/wp-json\/wp\/v2\/pages\/203","targetHints":{"allow":["GET"]}}],"collection":[{"href":"https:\/\/harpoonjpg.com\/index.php\/wp-json\/wp\/v2\/pages"}],"about":[{"href":"https:\/\/harpoonjpg.com\/index.php\/wp-json\/wp\/v2\/types\/page"}],"author":[{"embeddable":true,"href":"https:\/\/harpoonjpg.com\/index.php\/wp-json\/wp\/v2\/users\/1"}],"replies":[{"embeddable":true,"href":"https:\/\/harpoonjpg.com\/index.php\/wp-json\/wp\/v2\/comments?post=203"}],"version-history":[{"count":10,"href":"https:\/\/harpoonjpg.com\/index.php\/wp-json\/wp\/v2\/pages\/203\/revisions"}],"predecessor-version":[{"id":469,"href":"https:\/\/harpoonjpg.com\/index.php\/wp-json\/wp\/v2\/pages\/203\/revisions\/469"}],"wp:attachment":[{"href":"https:\/\/harpoonjpg.com\/index.php\/wp-json\/wp\/v2\/media?parent=203"}],"curies":[{"name":"wp","href":"https:\/\/api.w.org\/{rel}","templated":true}]}}